{"id":1262,"date":"2023-06-12T10:39:55","date_gmt":"2023-06-12T10:39:55","guid":{"rendered":"https:\/\/vanniloholding.com\/politica-de-cookies\/"},"modified":"2024-09-26T09:18:08","modified_gmt":"2024-09-26T09:18:08","slug":"politica-de-cookies","status":"publish","type":"page","link":"https:\/\/vanniloholding.com\/en\/politica-de-cookies\/","title":{"rendered":"Pol\u00edtica de Cookies"},"content":{"rendered":"\t\t<div data-elementor-type=\"wp-page\" data-elementor-id=\"1262\" class=\"elementor elementor-1262 elementor-727\" data-elementor-post-type=\"page\">\n\t\t\t\t\t\t<section class=\"elementor-section elementor-top-section elementor-element elementor-element-41308e0 elementor-section-boxed elementor-section-height-default elementor-section-height-default\" data-id=\"41308e0\" data-element_type=\"section\">\n\t\t\t\t\t\t<div class=\"elementor-container elementor-column-gap-wider\">\n\t\t\t\t\t<div class=\"elementor-column elementor-col-50 elementor-top-column elementor-element elementor-element-ac52653\" data-id=\"ac52653\" data-element_type=\"column\" data-settings=\"{&quot;background_background&quot;:&quot;gradient&quot;}\">\n\t\t\t<div class=\"elementor-widget-wrap elementor-element-populated\">\n\t\t\t\t\t\t<div class=\"elementor-element elementor-element-a8d38c8 elementor-widget__width-auto elementor-absolute elementor-widget elementor-widget-heading\" data-id=\"a8d38c8\" data-element_type=\"widget\" data-settings=\"{&quot;_position&quot;:&quot;absolute&quot;}\" data-widget_type=\"heading.default\">\n\t\t\t\t<div class=\"elementor-widget-container\">\n\t\t\t<span class=\"elementor-heading-title elementor-size-default\">COOKIES<\/span>\t\t<\/div>\n\t\t\t\t<\/div>\n\t\t\t\t<div class=\"elementor-element elementor-element-d8514f8 elementor-widget-divider--view-line elementor-widget elementor-widget-divider\" data-id=\"d8514f8\" data-element_type=\"widget\" data-widget_type=\"divider.default\">\n\t\t\t\t<div class=\"elementor-widget-container\">\n\t\t\t\t\t<div class=\"elementor-divider\">\n\t\t\t<span class=\"elementor-divider-separator\">\n\t\t\t\t\t\t<\/span>\n\t\t<\/div>\n\t\t\t\t<\/div>\n\t\t\t\t<\/div>\n\t\t\t\t\t<\/div>\n\t\t<\/div>\n\t\t\t\t<div class=\"elementor-column elementor-col-50 elementor-top-column elementor-element elementor-element-bafa59a\" data-id=\"bafa59a\" data-element_type=\"column\" data-settings=\"{&quot;background_background&quot;:&quot;classic&quot;}\">\n\t\t\t<div class=\"elementor-widget-wrap elementor-element-populated\">\n\t\t\t\t\t\t<div class=\"elementor-element elementor-element-044f16c elementor-widget__width-initial elementor-widget elementor-widget-text-editor\" data-id=\"044f16c\" data-element_type=\"widget\" data-widget_type=\"text-editor.default\">\n\t\t\t\t<div class=\"elementor-widget-container\">\n\t\t\t\t\t\t\tInvertimos en proyectos liderados por emprendedores con futuro\t\t\t\t\t\t<\/div>\n\t\t\t\t<\/div>\n\t\t\t\t\t<\/div>\n\t\t<\/div>\n\t\t\t\t\t<\/div>\n\t\t<\/section>\n\t\t\t\t<section class=\"elementor-section elementor-top-section elementor-element elementor-element-f0388c7 elementor-section-boxed elementor-section-height-default elementor-section-height-default\" data-id=\"f0388c7\" data-element_type=\"section\">\n\t\t\t\t\t\t<div class=\"elementor-container elementor-column-gap-wider\">\n\t\t\t\t\t<div class=\"elementor-column elementor-col-100 elementor-top-column elementor-element elementor-element-658dceb\" data-id=\"658dceb\" data-element_type=\"column\">\n\t\t\t<div class=\"elementor-widget-wrap elementor-element-populated\">\n\t\t\t\t<div class=\"elementor-element elementor-element-92098df e-flex e-con-boxed e-con e-parent\" data-id=\"92098df\" data-element_type=\"container\">\n\t\t\t\t\t<div class=\"e-con-inner\">\n\t\t\t\t<div class=\"elementor-element elementor-element-ea5599b elementor-widget elementor-widget-text-editor\" data-id=\"ea5599b\" data-element_type=\"widget\" data-widget_type=\"text-editor.default\">\n\t\t\t\t<div class=\"elementor-widget-container\">\n\t\t\t\t\t\t\t<p><strong>A) DEFINICI\u00d3N Y FUNCI\u00d3N GEN\u00c9RICA DE LAS COOKIES.<\/strong><\/p><p>Vannilo Holding SL. el titular de este sitio web informa que se utilizan cookies y\/o tecnolog\u00edas similares que almacenan y recuperan informaci\u00f3n cuando navegas. En general, estas tecnolog\u00edas pueden servir para finalidades muy diversas, como, por ejemplo, reconocerte como usuario, obtener informaci\u00f3n sobre tus h\u00e1bitos de navegaci\u00f3n, o personalizar la forma en que se muestra el contenido. Los usos concretos que hacemos de estas tecnolog\u00edas se describen a continuaci\u00f3n.<\/p><p><strong>B) INFORMACI\u00d3N SOBRE EL TIPO DE COOKIES QUE SE UTILIZAN Y SU FINALIDAD.<\/strong><\/p><ul><li><strong>T\u00e9cnicas:<\/strong> Son aquellas necesarias para la navegaci\u00f3n y el buen funcionamiento de nuestro website. Permiten, por ejemplo, controlar el tr\u00e1fico y la comunicaci\u00f3n de datos, acceder a partes de acceso restringido, realizar el proceso de compra de un pedido, utilizar elementos de seguridad, almacenar contenidos para poder difundir v\u00eddeos o compartir contenidos a trav\u00e9s de redes sociales.<\/li><li><strong>De personalizaci\u00f3n:<\/strong> Son aqu\u00e9llas que permiten al Usuario acceder al servicio con unas caracter\u00edsticas predefinidas en funci\u00f3n de una serie de criterios, como por ejemplo el idioma, el tipo de navegador a trav\u00e9s del cual se accede al servicio, la configuraci\u00f3n regional desde donde se accede al servicio, etc.<\/li><li><strong>De an\u00e1lisis:<\/strong> son aquellas que, tratadas por nosotros o por terceros, nos permiten cuantificar el n\u00famero de usuarios y as\u00ed realizar la medici\u00f3n y an\u00e1lisis estad\u00edstico de la utilizaci\u00f3n que hacen los usuarios del servicio ofertado. Para ello se analiza su navegaci\u00f3n en nuestra p\u00e1gina web con el fin de mejorar la oferta de productos o servicios que le ofrecemos.<\/li><li><strong>Publicitarias:<\/strong> Son aqu\u00e9llas que permiten la gesti\u00f3n, de la forma m\u00e1s eficaz posible, de los espacios publicitarios que se pudieran incluir en nuestro website.<\/li><li><strong>Publicitarias comportamentales:<\/strong> son aquellas que, tratadas por nosotros o por terceros, nos permiten analizar sus h\u00e1bitos de navegaci\u00f3n en Internet para que podamos mostrarle publicidad relacionada con su perfil de navegaci\u00f3n.<\/li><\/ul>\t\t\t\t\t\t<\/div>\n\t\t\t\t<\/div>\n\t\t\t\t<div class=\"elementor-element elementor-element-ade8aac elementor-widget elementor-widget-shortcode\" data-id=\"ade8aac\" data-element_type=\"widget\" data-widget_type=\"shortcode.default\">\n\t\t\t\t<div class=\"elementor-widget-container\">\n\t\t\t\t\t<div class=\"elementor-shortcode\"><div class= \"cky-audit-table-element\"><\/div><\/div>\n\t\t\t\t<\/div>\n\t\t\t\t<\/div>\n\t\t<div class=\"elementor-element elementor-element-b7c5a91 e-con-full e-flex e-con e-child\" data-id=\"b7c5a91\" data-element_type=\"container\">\n\t\t\t\t<div class=\"elementor-element elementor-element-24689a1 elementor-widget elementor-widget-text-editor\" data-id=\"24689a1\" data-element_type=\"widget\" data-widget_type=\"text-editor.default\">\n\t\t\t\t<div class=\"elementor-widget-container\">\n\t\t\t\t\t\t\t<p><strong>C) IDENTIFICACI\u00d3N DE QUI\u00c9N UTILIZA LAS COOKIES:<\/strong><\/p><p>La informaci\u00f3n obtenida por las cookies es tratada solo por nuestro editor y\/o tambi\u00e9n por terceros con los que nuestro editor haya contratado la prestaci\u00f3n de un servicio para el cual se requiera el uso de cookies:<\/p><ul><li><strong>Cookies propias:<\/strong> Son aquellas que se env\u00edan a su equipo desde nuestros propios equipos o dominios y desde el que prestamos el servicio que nos solicita.<\/li><li><strong>Cookies de terceros:<\/strong> Son aquellas que se env\u00edan a su equipo desde un equipo o dominio que no es gestionado por nosotros, sino por otra entidad colaboradora. Como, por ejemplo, las usadas por redes sociales, o por contenido externo como Google Maps, las que permiten cuantificar el n\u00famero de usuarios y as\u00ed realizar la medici\u00f3n y an\u00e1lisis estad\u00edstico de la utilizaci\u00f3n que hacen los usuarios del servicio ofertado. Para ello se analiza su navegaci\u00f3n en nuestra p\u00e1gina web con el fin de mejorar la oferta de productos o servicios que le ofrecemos. + Conoce a los terceros<\/li><\/ul><p><strong>D) ACTIVACI\u00d3N, RESTRICCI\u00d3N Y\/O INHABILITACI\u00d3N DE COOKIES<\/strong><\/p><p>Puede usted permitir o bloquear las cookies, as\u00ed como borrar sus datos de navegaci\u00f3n (incluidas las cookies) desde el navegador que usted utiliza. Consulte las opciones e instrucciones que ofrece su navegador para ello. Tenga en cuenta que, si acepta las cookies de terceros, deber\u00e1 eliminarlas desde las opciones del navegador.<\/p><p><strong>E) NO REALIZAMOS TRANSFERENCIAS DE DATOS A TERCEROS PA\u00cdSES REALIZADAS POR EL EDITOR.<\/strong><\/p><p><strong>F) LA ELABORACI\u00d3N DE PERFILES<\/strong><\/p><p>No elaboramos perfiles.<\/p><p><strong>G) PERIODO DE CONSERVACI\u00d3N<\/strong><\/p><p>Cookies de sesi\u00f3n: Son cookies temporales que permanecen en el archivo de cookies de su navegador hasta que el Usuario abandona la p\u00e1gina web, por lo que ninguna queda registrada en el disco duro de su ordenador. La informaci\u00f3n obtenida por medio de estas cookies, sirven para analizar pautas de tr\u00e1fico en el website. A la larga, esto nos permite proporcionar una mejor experiencia para mejorar el contenido y facilitar su uso.<br \/>Cookies persistentes: son almacenadas en el disco duro y nuestra web las lee cada vez que el Usuario realiza una nueva visita. Una cookie permanente posee una fecha de expiraci\u00f3n determinada. La cookie dejar\u00e1 de funcionar despu\u00e9s de esa fecha. Estas cookies las utilizamos, generalmente, para facilitar los servicios de compra y registro.<\/p><p><strong>H) RESTO DE INFORMACI\u00d3N<\/strong><\/p><p>En relaci\u00f3n con el resto de informaci\u00f3n exigida por el art\u00edculo 13 RGPD puedes verla <a href=\"https:\/\/www.boe.es\/doue\/2016\/119\/L00001-00088.pdf\" target=\"_blank\" rel=\"noopener\">aqu\u00ed.<\/a><\/p>\t\t\t\t\t\t<\/div>\n\t\t\t\t<\/div>\n\t\t\t\t<\/div>\n\t\t\t\t\t<\/div>\n\t\t\t\t<\/div>\n\t\t\t\t\t<\/div>\n\t\t<\/div>\n\t\t\t\t\t<\/div>\n\t\t<\/section>\n\t\t\t\t<\/div>\n\t\t","protected":false},"excerpt":{"rendered":"<p>COOKIES Invertimos en proyectos liderados por emprendedores con futuro A) DEFINICI\u00d3N Y FUNCI\u00d3N GEN\u00c9RICA DE LAS COOKIES. Vannilo Holding SL. el titular de este sitio web informa que se utilizan cookies y\/o tecnolog\u00edas similares que almacenan y recuperan informaci\u00f3n cuando navegas. En general, estas tecnolog\u00edas pueden servir para finalidades muy diversas, como, por ejemplo, reconocerte [&hellip;]<\/p>\n","protected":false},"author":1,"featured_media":0,"parent":0,"menu_order":0,"comment_status":"closed","ping_status":"closed","template":"","meta":{"footnotes":""},"class_list":["post-1262","page","type-page","status-publish","hentry"],"yoast_head":"<!-- This site is optimized with the Yoast SEO plugin v26.0 - https:\/\/yoast.com\/wordpress\/plugins\/seo\/ -->\n<title>Pol\u00edtica de Cookies - Vannilo Holding<\/title>\n<meta name=\"robots\" content=\"noindex, follow\" \/>\n<meta property=\"og:locale\" content=\"en_US\" \/>\n<meta property=\"og:type\" content=\"article\" \/>\n<meta property=\"og:title\" content=\"Pol\u00edtica de Cookies - Vannilo Holding\" \/>\n<meta property=\"og:description\" content=\"COOKIES Invertimos en proyectos liderados por emprendedores con futuro A) DEFINICI\u00d3N Y FUNCI\u00d3N GEN\u00c9RICA DE LAS COOKIES. Vannilo Holding SL. el titular de este sitio web informa que se utilizan cookies y\/o tecnolog\u00edas similares que almacenan y recuperan informaci\u00f3n cuando navegas. En general, estas tecnolog\u00edas pueden servir para finalidades muy diversas, como, por ejemplo, reconocerte [&hellip;]\" \/>\n<meta property=\"og:url\" content=\"https:\/\/vanniloholding.com\/en\/politica-de-cookies\/\" \/>\n<meta property=\"og:site_name\" content=\"Vannilo Holding\" \/>\n<meta property=\"article:modified_time\" content=\"2024-09-26T09:18:08+00:00\" \/>\n<meta name=\"twitter:card\" content=\"summary_large_image\" \/>\n<meta name=\"twitter:label1\" content=\"Est. reading time\" \/>\n\t<meta name=\"twitter:data1\" content=\"4 minutes\" \/>\n<script type=\"application\/ld+json\" class=\"yoast-schema-graph\">{\"@context\":\"https:\/\/schema.org\",\"@graph\":[{\"@type\":\"WebPage\",\"@id\":\"https:\/\/vanniloholding.com\/en\/politica-de-cookies\/\",\"url\":\"https:\/\/vanniloholding.com\/en\/politica-de-cookies\/\",\"name\":\"Pol\u00edtica de Cookies - Vannilo Holding\",\"isPartOf\":{\"@id\":\"https:\/\/vanniloholding.com\/#website\"},\"datePublished\":\"2023-06-12T10:39:55+00:00\",\"dateModified\":\"2024-09-26T09:18:08+00:00\",\"breadcrumb\":{\"@id\":\"https:\/\/vanniloholding.com\/en\/politica-de-cookies\/#breadcrumb\"},\"inLanguage\":\"en-US\",\"potentialAction\":[{\"@type\":\"ReadAction\",\"target\":[\"https:\/\/vanniloholding.com\/en\/politica-de-cookies\/\"]}]},{\"@type\":\"BreadcrumbList\",\"@id\":\"https:\/\/vanniloholding.com\/en\/politica-de-cookies\/#breadcrumb\",\"itemListElement\":[{\"@type\":\"ListItem\",\"position\":1,\"name\":\"Portada\",\"item\":\"https:\/\/vanniloholding.com\/en\/home\/\"},{\"@type\":\"ListItem\",\"position\":2,\"name\":\"Pol\u00edtica de Cookies\"}]},{\"@type\":\"WebSite\",\"@id\":\"https:\/\/vanniloholding.com\/#website\",\"url\":\"https:\/\/vanniloholding.com\/\",\"name\":\"Vannilo Holding\",\"description\":\"Comprometidos con el crecimiento\",\"publisher\":{\"@id\":\"https:\/\/vanniloholding.com\/#organization\"},\"potentialAction\":[{\"@type\":\"SearchAction\",\"target\":{\"@type\":\"EntryPoint\",\"urlTemplate\":\"https:\/\/vanniloholding.com\/?s={search_term_string}\"},\"query-input\":{\"@type\":\"PropertyValueSpecification\",\"valueRequired\":true,\"valueName\":\"search_term_string\"}}],\"inLanguage\":\"en-US\"},{\"@type\":\"Organization\",\"@id\":\"https:\/\/vanniloholding.com\/#organization\",\"name\":\"Vannilo Holding\",\"url\":\"https:\/\/vanniloholding.com\/\",\"logo\":{\"@type\":\"ImageObject\",\"inLanguage\":\"en-US\",\"@id\":\"https:\/\/vanniloholding.com\/#\/schema\/logo\/image\/\",\"url\":\"https:\/\/vanniloholding.com\/wp-content\/uploads\/2024\/01\/icono-Vannilo-Holding.png\",\"contentUrl\":\"https:\/\/vanniloholding.com\/wp-content\/uploads\/2024\/01\/icono-Vannilo-Holding.png\",\"width\":1740,\"height\":600,\"caption\":\"Vannilo Holding\"},\"image\":{\"@id\":\"https:\/\/vanniloholding.com\/#\/schema\/logo\/image\/\"},\"sameAs\":[\"https:\/\/www.instagram.com\/vanniloholding\/\",\"https:\/\/www.linkedin.com\/company\/vanniloholding\/about\/\"]}]}<\/script>\n<!-- \/ Yoast SEO plugin. -->","yoast_head_json":{"title":"Pol\u00edtica de Cookies - Vannilo Holding","robots":{"index":"noindex","follow":"follow"},"og_locale":"en_US","og_type":"article","og_title":"Pol\u00edtica de Cookies - Vannilo Holding","og_description":"COOKIES Invertimos en proyectos liderados por emprendedores con futuro A) DEFINICI\u00d3N Y FUNCI\u00d3N GEN\u00c9RICA DE LAS COOKIES. Vannilo Holding SL. el titular de este sitio web informa que se utilizan cookies y\/o tecnolog\u00edas similares que almacenan y recuperan informaci\u00f3n cuando navegas. En general, estas tecnolog\u00edas pueden servir para finalidades muy diversas, como, por ejemplo, reconocerte [&hellip;]","og_url":"https:\/\/vanniloholding.com\/en\/politica-de-cookies\/","og_site_name":"Vannilo Holding","article_modified_time":"2024-09-26T09:18:08+00:00","twitter_card":"summary_large_image","twitter_misc":{"Est. reading time":"4 minutes"},"schema":{"@context":"https:\/\/schema.org","@graph":[{"@type":"WebPage","@id":"https:\/\/vanniloholding.com\/en\/politica-de-cookies\/","url":"https:\/\/vanniloholding.com\/en\/politica-de-cookies\/","name":"Pol\u00edtica de Cookies - Vannilo Holding","isPartOf":{"@id":"https:\/\/vanniloholding.com\/#website"},"datePublished":"2023-06-12T10:39:55+00:00","dateModified":"2024-09-26T09:18:08+00:00","breadcrumb":{"@id":"https:\/\/vanniloholding.com\/en\/politica-de-cookies\/#breadcrumb"},"inLanguage":"en-US","potentialAction":[{"@type":"ReadAction","target":["https:\/\/vanniloholding.com\/en\/politica-de-cookies\/"]}]},{"@type":"BreadcrumbList","@id":"https:\/\/vanniloholding.com\/en\/politica-de-cookies\/#breadcrumb","itemListElement":[{"@type":"ListItem","position":1,"name":"Portada","item":"https:\/\/vanniloholding.com\/en\/home\/"},{"@type":"ListItem","position":2,"name":"Pol\u00edtica de Cookies"}]},{"@type":"WebSite","@id":"https:\/\/vanniloholding.com\/#website","url":"https:\/\/vanniloholding.com\/","name":"Vannilo Holding","description":"Comprometidos con el crecimiento","publisher":{"@id":"https:\/\/vanniloholding.com\/#organization"},"potentialAction":[{"@type":"SearchAction","target":{"@type":"EntryPoint","urlTemplate":"https:\/\/vanniloholding.com\/?s={search_term_string}"},"query-input":{"@type":"PropertyValueSpecification","valueRequired":true,"valueName":"search_term_string"}}],"inLanguage":"en-US"},{"@type":"Organization","@id":"https:\/\/vanniloholding.com\/#organization","name":"Vannilo Holding","url":"https:\/\/vanniloholding.com\/","logo":{"@type":"ImageObject","inLanguage":"en-US","@id":"https:\/\/vanniloholding.com\/#\/schema\/logo\/image\/","url":"https:\/\/vanniloholding.com\/wp-content\/uploads\/2024\/01\/icono-Vannilo-Holding.png","contentUrl":"https:\/\/vanniloholding.com\/wp-content\/uploads\/2024\/01\/icono-Vannilo-Holding.png","width":1740,"height":600,"caption":"Vannilo Holding"},"image":{"@id":"https:\/\/vanniloholding.com\/#\/schema\/logo\/image\/"},"sameAs":["https:\/\/www.instagram.com\/vanniloholding\/","https:\/\/www.linkedin.com\/company\/vanniloholding\/about\/"]}]}},"_links":{"self":[{"href":"https:\/\/vanniloholding.com\/en\/wp-json\/wp\/v2\/pages\/1262","targetHints":{"allow":["GET"]}}],"collection":[{"href":"https:\/\/vanniloholding.com\/en\/wp-json\/wp\/v2\/pages"}],"about":[{"href":"https:\/\/vanniloholding.com\/en\/wp-json\/wp\/v2\/types\/page"}],"author":[{"embeddable":true,"href":"https:\/\/vanniloholding.com\/en\/wp-json\/wp\/v2\/users\/1"}],"replies":[{"embeddable":true,"href":"https:\/\/vanniloholding.com\/en\/wp-json\/wp\/v2\/comments?post=1262"}],"version-history":[{"count":20,"href":"https:\/\/vanniloholding.com\/en\/wp-json\/wp\/v2\/pages\/1262\/revisions"}],"predecessor-version":[{"id":3794,"href":"https:\/\/vanniloholding.com\/en\/wp-json\/wp\/v2\/pages\/1262\/revisions\/3794"}],"wp:attachment":[{"href":"https:\/\/vanniloholding.com\/en\/wp-json\/wp\/v2\/media?parent=1262"}],"curies":[{"name":"wp","href":"https:\/\/api.w.org\/{rel}","templated":true}]}}